{"id":40,"date":"2022-01-18T16:26:32","date_gmt":"2022-01-18T16:26:32","guid":{"rendered":"https:\/\/www.wecan.rs\/regulative\/"},"modified":"2024-11-19T22:53:39","modified_gmt":"2024-11-19T21:53:39","slug":"regulative","status":"publish","type":"page","link":"https:\/\/www.wecan.rs\/en\/regulative\/","title":{"rendered":"Regulative"},"content":{"rendered":"<div data-elementor-type=\"wp-page\" data-elementor-id=\"40\" class=\"elementor elementor-40\" data-elementor-post-type=\"page\">\n\t\t\t\t\t\t<section class=\"elementor-section elementor-top-section elementor-element elementor-element-4a288393 elementor-section-boxed elementor-section-height-default elementor-section-height-default\" data-id=\"4a288393\" data-element_type=\"section\" data-e-type=\"section\">\n\t\t\t\t\t\t<div class=\"elementor-container elementor-column-gap-default\">\n\t\t\t\t\t<div class=\"elementor-column elementor-col-100 elementor-top-column elementor-element elementor-element-b9b123b\" data-id=\"b9b123b\" data-element_type=\"column\" data-e-type=\"column\">\n\t\t\t<div class=\"elementor-widget-wrap elementor-element-populated\">\n\t\t\t\t\t\t<div class=\"elementor-element elementor-element-8d42578 elementor-widget elementor-widget-video\" data-id=\"8d42578\" data-element_type=\"widget\" data-e-type=\"widget\" data-settings=\"{&quot;video_type&quot;:&quot;hosted&quot;,&quot;autoplay&quot;:&quot;yes&quot;,&quot;mute&quot;:&quot;yes&quot;,&quot;loop&quot;:&quot;yes&quot;,&quot;controls&quot;:&quot;yes&quot;}\" data-widget_type=\"video.default\">\n\t\t\t\t<div class=\"elementor-widget-container\">\n\t\t\t\t\t\t\t<div class=\"e-hosted-video elementor-wrapper elementor-open-inline\">\n\t\t\t\t\t<video class=\"elementor-video\" src=\"https:\/\/www.wecan.rs\/wp-content\/uploads\/2024\/11\/Pharma-consalting-ezgif.com-gif-to-mp4-converter.mp4\" autoplay=\"\" loop=\"\" controls=\"\" muted=\"muted\" controlslist=\"nodownload\"><\/video>\n\t\t\t\t<\/div>\n\t\t\t\t\t\t<\/div>\n\t\t\t\t<\/div>\n\t\t\t\t\t<\/div>\n\t\t<\/div>\n\t\t\t\t\t<\/div>\n\t\t<\/section>\n\t\t\t\t<section class=\"elementor-section elementor-top-section elementor-element elementor-element-189824fa elementor-section-content-middle elementor-section-boxed elementor-section-height-default elementor-section-height-default\" data-id=\"189824fa\" data-element_type=\"section\" data-e-type=\"section\" data-settings=\"{&quot;background_background&quot;:&quot;classic&quot;}\">\n\t\t\t\t\t\t<div class=\"elementor-container elementor-column-gap-default\">\n\t\t\t\t\t<div class=\"elementor-column elementor-col-100 elementor-top-column elementor-element elementor-element-2c93954e\" data-id=\"2c93954e\" data-element_type=\"column\" data-e-type=\"column\" data-settings=\"{&quot;background_background&quot;:&quot;classic&quot;}\">\n\t\t\t<div class=\"elementor-widget-wrap elementor-element-populated\">\n\t\t\t\t\t\t<div class=\"elementor-element elementor-element-7196a042 elementor-widget elementor-widget-heading\" data-id=\"7196a042\" data-element_type=\"widget\" data-e-type=\"widget\" data-widget_type=\"heading.default\">\n\t\t\t\t<div class=\"elementor-widget-container\">\n\t\t\t\t\t<h1 class=\"elementor-heading-title elementor-size-default\">Regulation<\/h1>\t\t\t\t<\/div>\n\t\t\t\t<\/div>\n\t\t\t\t\t<\/div>\n\t\t<\/div>\n\t\t\t\t\t<\/div>\n\t\t<\/section>\n\t\t\t\t<section class=\"elementor-section elementor-top-section elementor-element elementor-element-10955c0 elementor-section-boxed elementor-section-height-default elementor-section-height-default\" data-id=\"10955c0\" data-element_type=\"section\" data-e-type=\"section\">\n\t\t\t\t\t\t<div class=\"elementor-container elementor-column-gap-default\">\n\t\t\t\t\t<div class=\"elementor-column elementor-col-50 elementor-top-column elementor-element elementor-element-780705dc\" data-id=\"780705dc\" data-element_type=\"column\" data-e-type=\"column\">\n\t\t\t<div class=\"elementor-widget-wrap elementor-element-populated\">\n\t\t\t\t\t\t<div class=\"elementor-element elementor-element-24565989 elementor-widget elementor-widget-heading\" data-id=\"24565989\" data-element_type=\"widget\" data-e-type=\"widget\" data-widget_type=\"heading.default\">\n\t\t\t\t<div class=\"elementor-widget-container\">\n\t\t\t\t\t<h2 class=\"elementor-heading-title elementor-size-default\"><b>Experience in the pharmaceutical industry<\/b><\/h2>\t\t\t\t<\/div>\n\t\t\t\t<\/div>\n\t\t\t\t<div class=\"elementor-element elementor-element-f86f430 elementor-widget elementor-widget-text-editor\" data-id=\"f86f430\" data-element_type=\"widget\" data-e-type=\"widget\" data-widget_type=\"text-editor.default\">\n\t\t\t\t<div class=\"elementor-widget-container\">\n\t\t\t\t\t\t\t\t\t<p>We are an agency with experience in various niches of entrepreneurship. However, we particularly highlight our extensive network of professionals with experience in different areas of the pharmaceutical industry.<\/p><p>Our task and goal are to assist clients in overcoming regulatory barriers, developing efficient regulatory strategies, establishing quality systems, and addressing all challenges encountered in conducting business in this field.<\/p><p>Novoreg is our brand that includes consulting services as well as assistance with regulatory requirements and maintenance of permits.<\/p><p>For more information, visit the site\u00a0<a href=\"http:\/\/novoreg.com\" target=\"_blank\" rel=\"noopener\"><span style=\"color: #3366ff;\"> Novoreg<\/span><\/a>.<\/p>\t\t\t\t\t\t\t\t<\/div>\n\t\t\t\t<\/div>\n\t\t\t\t<div class=\"elementor-element elementor-element-2ea2e04 elementor-align-left elementor-widget elementor-widget-button\" data-id=\"2ea2e04\" data-element_type=\"widget\" data-e-type=\"widget\" data-widget_type=\"button.default\">\n\t\t\t\t<div class=\"elementor-widget-container\">\n\t\t\t\t\t\t\t\t\t<div class=\"elementor-button-wrapper\">\n\t\t\t\t\t<a class=\"elementor-button elementor-button-link elementor-size-sm\" href=\"https:\/\/novoreg.com\/\">\n\t\t\t\t\t\t<span class=\"elementor-button-content-wrapper\">\n\t\t\t\t\t\t\t\t\t<span class=\"elementor-button-text\">NOVOREG<\/span>\n\t\t\t\t\t<\/span>\n\t\t\t\t\t<\/a>\n\t\t\t\t<\/div>\n\t\t\t\t\t\t\t\t<\/div>\n\t\t\t\t<\/div>\n\t\t\t\t\t<\/div>\n\t\t<\/div>\n\t\t\t\t<div class=\"elementor-column elementor-col-50 elementor-top-column elementor-element elementor-element-3091ccef\" data-id=\"3091ccef\" data-element_type=\"column\" data-e-type=\"column\">\n\t\t\t<div class=\"elementor-widget-wrap elementor-element-populated\">\n\t\t\t\t\t\t<div class=\"elementor-element elementor-element-284073e8 elementor-widget elementor-widget-image\" data-id=\"284073e8\" data-element_type=\"widget\" data-e-type=\"widget\" data-widget_type=\"image.default\">\n\t\t\t\t<div class=\"elementor-widget-container\">\n\t\t\t\t\t\t\t\t\t\t\t\t\t\t\t<img fetchpriority=\"high\" decoding=\"async\" width=\"800\" height=\"535\" src=\"https:\/\/www.wecan.rs\/wp-content\/uploads\/2022\/01\/shutterstock_122547412-1024x685.jpg\" class=\"attachment-large size-large wp-image-42\" alt=\"\" srcset=\"https:\/\/www.wecan.rs\/wp-content\/uploads\/2022\/01\/shutterstock_122547412-1024x685.jpg 1024w, https:\/\/www.wecan.rs\/wp-content\/uploads\/2022\/01\/shutterstock_122547412-300x201.jpg 300w, https:\/\/www.wecan.rs\/wp-content\/uploads\/2022\/01\/shutterstock_122547412-768x514.jpg 768w, https:\/\/www.wecan.rs\/wp-content\/uploads\/2022\/01\/shutterstock_122547412.jpg 1500w\" sizes=\"(max-width: 800px) 100vw, 800px\" \/>\t\t\t\t\t\t\t\t\t\t\t\t\t\t\t<\/div>\n\t\t\t\t<\/div>\n\t\t\t\t\t<\/div>\n\t\t<\/div>\n\t\t\t\t\t<\/div>\n\t\t<\/section>\n\t\t\t\t<\/div>","protected":false},"excerpt":{"rendered":"<p>https:\/\/www.wecan.rs\/wp-content\/uploads\/2024\/11\/Pharma-consalting-ezgif.com-gif-to-mp4-converter.mp4 Regulativa Iskustvo u oblasti farmaceutskog poslovanja Agencija smo koja ima iskustva u najrazli\u010ditijim ni\u0161ama preduzetni\u0161tva. Ipak, kao posebnu oblast isti\u010demo ogromnu mre\u017eu profesionalaca sa iskustvom u razli\u010ditim oblastima farmaceutskog poslovanja. Na\u0161 zadatak i cilj je da pru\u017eimo pomo\u0107 klijentima da prevazi\u0111u regulatorne prepreke, da razviju efikasne regulatorne strategije, da uspostave sistem kvaliteta i re\u0161e [&hellip;]<\/p>\n","protected":false},"author":2,"featured_media":0,"parent":0,"menu_order":0,"comment_status":"closed","ping_status":"closed","template":"elementor_header_footer","meta":{"pgc_sgb_lightbox_settings":"","footnotes":""},"class_list":["post-40","page","type-page","status-publish","hentry"],"yoast_head":"<!-- This site is optimized with the Yoast SEO plugin v27.4 - https:\/\/yoast.com\/product\/yoast-seo-wordpress\/ -->\n<title>Regulative - We Can<\/title>\n<meta name=\"robots\" content=\"index, follow, max-snippet:-1, max-image-preview:large, max-video-preview:-1\" \/>\n<link rel=\"canonical\" href=\"https:\/\/www.wecan.rs\/en\/regulative\/\" \/>\n<meta property=\"og:locale\" content=\"en_US\" \/>\n<meta property=\"og:type\" content=\"article\" \/>\n<meta property=\"og:title\" content=\"Regulative - We Can\" \/>\n<meta property=\"og:description\" content=\"https:\/\/www.wecan.rs\/wp-content\/uploads\/2024\/11\/Pharma-consalting-ezgif.com-gif-to-mp4-converter.mp4 Regulativa Iskustvo u oblasti farmaceutskog poslovanja Agencija smo koja ima iskustva u najrazli\u010ditijim ni\u0161ama preduzetni\u0161tva. Ipak, kao posebnu oblast isti\u010demo ogromnu mre\u017eu profesionalaca sa iskustvom u razli\u010ditim oblastima farmaceutskog poslovanja. Na\u0161 zadatak i cilj je da pru\u017eimo pomo\u0107 klijentima da prevazi\u0111u regulatorne prepreke, da razviju efikasne regulatorne strategije, da uspostave sistem kvaliteta i re\u0161e [&hellip;]\" \/>\n<meta property=\"og:url\" content=\"https:\/\/www.wecan.rs\/en\/regulative\/\" \/>\n<meta property=\"og:site_name\" content=\"We Can\" \/>\n<meta property=\"article:modified_time\" content=\"2024-11-19T21:53:39+00:00\" \/>\n<meta property=\"og:image\" content=\"https:\/\/www.wecan.rs\/wp-content\/uploads\/2022\/01\/shutterstock_122547412.jpg\" \/>\n\t<meta property=\"og:image:width\" content=\"1500\" \/>\n\t<meta property=\"og:image:height\" content=\"1004\" \/>\n\t<meta property=\"og:image:type\" content=\"image\/jpeg\" \/>\n<meta name=\"twitter:card\" content=\"summary_large_image\" \/>\n<meta name=\"twitter:label1\" content=\"Est. reading time\" \/>\n\t<meta name=\"twitter:data1\" content=\"1 minute\" \/>\n<script type=\"application\/ld+json\" class=\"yoast-schema-graph\">{\"@context\":\"https:\\\/\\\/schema.org\",\"@graph\":[{\"@type\":\"WebPage\",\"@id\":\"https:\\\/\\\/www.wecan.rs\\\/regulative\\\/\",\"url\":\"https:\\\/\\\/www.wecan.rs\\\/regulative\\\/\",\"name\":\"Regulative - We Can\",\"isPartOf\":{\"@id\":\"https:\\\/\\\/www.wecan.rs\\\/#website\"},\"primaryImageOfPage\":{\"@id\":\"https:\\\/\\\/www.wecan.rs\\\/regulative\\\/#primaryimage\"},\"image\":{\"@id\":\"https:\\\/\\\/www.wecan.rs\\\/regulative\\\/#primaryimage\"},\"thumbnailUrl\":\"https:\\\/\\\/www.wecan.rs\\\/wp-content\\\/uploads\\\/2022\\\/01\\\/shutterstock_122547412-1024x685.jpg\",\"datePublished\":\"2022-01-18T16:26:32+00:00\",\"dateModified\":\"2024-11-19T21:53:39+00:00\",\"breadcrumb\":{\"@id\":\"https:\\\/\\\/www.wecan.rs\\\/regulative\\\/#breadcrumb\"},\"inLanguage\":\"en-US\",\"potentialAction\":[{\"@type\":\"ReadAction\",\"target\":[\"https:\\\/\\\/www.wecan.rs\\\/regulative\\\/\"]}]},{\"@type\":\"ImageObject\",\"inLanguage\":\"en-US\",\"@id\":\"https:\\\/\\\/www.wecan.rs\\\/regulative\\\/#primaryimage\",\"url\":\"https:\\\/\\\/www.wecan.rs\\\/wp-content\\\/uploads\\\/2022\\\/01\\\/shutterstock_122547412-1024x685.jpg\",\"contentUrl\":\"https:\\\/\\\/www.wecan.rs\\\/wp-content\\\/uploads\\\/2022\\\/01\\\/shutterstock_122547412-1024x685.jpg\"},{\"@type\":\"BreadcrumbList\",\"@id\":\"https:\\\/\\\/www.wecan.rs\\\/regulative\\\/#breadcrumb\",\"itemListElement\":[{\"@type\":\"ListItem\",\"position\":1,\"name\":\"Home\",\"item\":\"https:\\\/\\\/www.wecan.rs\\\/\"},{\"@type\":\"ListItem\",\"position\":2,\"name\":\"Regulative\"}]},{\"@type\":\"WebSite\",\"@id\":\"https:\\\/\\\/www.wecan.rs\\\/#website\",\"url\":\"https:\\\/\\\/www.wecan.rs\\\/\",\"name\":\"We Can\",\"description\":\"Creative Agency\",\"publisher\":{\"@id\":\"https:\\\/\\\/www.wecan.rs\\\/#organization\"},\"potentialAction\":[{\"@type\":\"SearchAction\",\"target\":{\"@type\":\"EntryPoint\",\"urlTemplate\":\"https:\\\/\\\/www.wecan.rs\\\/?s={search_term_string}\"},\"query-input\":{\"@type\":\"PropertyValueSpecification\",\"valueRequired\":true,\"valueName\":\"search_term_string\"}}],\"inLanguage\":\"en-US\"},{\"@type\":\"Organization\",\"@id\":\"https:\\\/\\\/www.wecan.rs\\\/#organization\",\"name\":\"We Can\",\"url\":\"https:\\\/\\\/www.wecan.rs\\\/\",\"logo\":{\"@type\":\"ImageObject\",\"inLanguage\":\"en-US\",\"@id\":\"https:\\\/\\\/www.wecan.rs\\\/#\\\/schema\\\/logo\\\/image\\\/\",\"url\":\"https:\\\/\\\/www.wecan.rs\\\/wp-content\\\/uploads\\\/2022\\\/01\\\/logo.png\",\"contentUrl\":\"https:\\\/\\\/www.wecan.rs\\\/wp-content\\\/uploads\\\/2022\\\/01\\\/logo.png\",\"width\":241,\"height\":80,\"caption\":\"We Can\"},\"image\":{\"@id\":\"https:\\\/\\\/www.wecan.rs\\\/#\\\/schema\\\/logo\\\/image\\\/\"}}]}<\/script>\n<!-- \/ Yoast SEO plugin. -->","yoast_head_json":{"title":"Regulative - We Can","robots":{"index":"index","follow":"follow","max-snippet":"max-snippet:-1","max-image-preview":"max-image-preview:large","max-video-preview":"max-video-preview:-1"},"canonical":"https:\/\/www.wecan.rs\/en\/regulative\/","og_locale":"en_US","og_type":"article","og_title":"Regulative - We Can","og_description":"https:\/\/www.wecan.rs\/wp-content\/uploads\/2024\/11\/Pharma-consalting-ezgif.com-gif-to-mp4-converter.mp4 Regulativa Iskustvo u oblasti farmaceutskog poslovanja Agencija smo koja ima iskustva u najrazli\u010ditijim ni\u0161ama preduzetni\u0161tva. Ipak, kao posebnu oblast isti\u010demo ogromnu mre\u017eu profesionalaca sa iskustvom u razli\u010ditim oblastima farmaceutskog poslovanja. Na\u0161 zadatak i cilj je da pru\u017eimo pomo\u0107 klijentima da prevazi\u0111u regulatorne prepreke, da razviju efikasne regulatorne strategije, da uspostave sistem kvaliteta i re\u0161e [&hellip;]","og_url":"https:\/\/www.wecan.rs\/en\/regulative\/","og_site_name":"We Can","article_modified_time":"2024-11-19T21:53:39+00:00","og_image":[{"width":1500,"height":1004,"url":"https:\/\/www.wecan.rs\/wp-content\/uploads\/2022\/01\/shutterstock_122547412.jpg","type":"image\/jpeg"}],"twitter_card":"summary_large_image","twitter_misc":{"Est. reading time":"1 minute"},"schema":{"@context":"https:\/\/schema.org","@graph":[{"@type":"WebPage","@id":"https:\/\/www.wecan.rs\/regulative\/","url":"https:\/\/www.wecan.rs\/regulative\/","name":"Regulative - We Can","isPartOf":{"@id":"https:\/\/www.wecan.rs\/#website"},"primaryImageOfPage":{"@id":"https:\/\/www.wecan.rs\/regulative\/#primaryimage"},"image":{"@id":"https:\/\/www.wecan.rs\/regulative\/#primaryimage"},"thumbnailUrl":"https:\/\/www.wecan.rs\/wp-content\/uploads\/2022\/01\/shutterstock_122547412-1024x685.jpg","datePublished":"2022-01-18T16:26:32+00:00","dateModified":"2024-11-19T21:53:39+00:00","breadcrumb":{"@id":"https:\/\/www.wecan.rs\/regulative\/#breadcrumb"},"inLanguage":"en-US","potentialAction":[{"@type":"ReadAction","target":["https:\/\/www.wecan.rs\/regulative\/"]}]},{"@type":"ImageObject","inLanguage":"en-US","@id":"https:\/\/www.wecan.rs\/regulative\/#primaryimage","url":"https:\/\/www.wecan.rs\/wp-content\/uploads\/2022\/01\/shutterstock_122547412-1024x685.jpg","contentUrl":"https:\/\/www.wecan.rs\/wp-content\/uploads\/2022\/01\/shutterstock_122547412-1024x685.jpg"},{"@type":"BreadcrumbList","@id":"https:\/\/www.wecan.rs\/regulative\/#breadcrumb","itemListElement":[{"@type":"ListItem","position":1,"name":"Home","item":"https:\/\/www.wecan.rs\/"},{"@type":"ListItem","position":2,"name":"Regulative"}]},{"@type":"WebSite","@id":"https:\/\/www.wecan.rs\/#website","url":"https:\/\/www.wecan.rs\/","name":"We Can","description":"Creative Agency","publisher":{"@id":"https:\/\/www.wecan.rs\/#organization"},"potentialAction":[{"@type":"SearchAction","target":{"@type":"EntryPoint","urlTemplate":"https:\/\/www.wecan.rs\/?s={search_term_string}"},"query-input":{"@type":"PropertyValueSpecification","valueRequired":true,"valueName":"search_term_string"}}],"inLanguage":"en-US"},{"@type":"Organization","@id":"https:\/\/www.wecan.rs\/#organization","name":"We Can","url":"https:\/\/www.wecan.rs\/","logo":{"@type":"ImageObject","inLanguage":"en-US","@id":"https:\/\/www.wecan.rs\/#\/schema\/logo\/image\/","url":"https:\/\/www.wecan.rs\/wp-content\/uploads\/2022\/01\/logo.png","contentUrl":"https:\/\/www.wecan.rs\/wp-content\/uploads\/2022\/01\/logo.png","width":241,"height":80,"caption":"We Can"},"image":{"@id":"https:\/\/www.wecan.rs\/#\/schema\/logo\/image\/"}}]}},"_links":{"self":[{"href":"https:\/\/www.wecan.rs\/en\/wp-json\/wp\/v2\/pages\/40","targetHints":{"allow":["GET"]}}],"collection":[{"href":"https:\/\/www.wecan.rs\/en\/wp-json\/wp\/v2\/pages"}],"about":[{"href":"https:\/\/www.wecan.rs\/en\/wp-json\/wp\/v2\/types\/page"}],"author":[{"embeddable":true,"href":"https:\/\/www.wecan.rs\/en\/wp-json\/wp\/v2\/users\/2"}],"replies":[{"embeddable":true,"href":"https:\/\/www.wecan.rs\/en\/wp-json\/wp\/v2\/comments?post=40"}],"version-history":[{"count":17,"href":"https:\/\/www.wecan.rs\/en\/wp-json\/wp\/v2\/pages\/40\/revisions"}],"predecessor-version":[{"id":2006,"href":"https:\/\/www.wecan.rs\/en\/wp-json\/wp\/v2\/pages\/40\/revisions\/2006"}],"wp:attachment":[{"href":"https:\/\/www.wecan.rs\/en\/wp-json\/wp\/v2\/media?parent=40"}],"curies":[{"name":"wp","href":"https:\/\/api.w.org\/{rel}","templated":true}]}}